{"id":4607,"date":"2025-11-17T11:30:44","date_gmt":"2025-11-17T11:30:44","guid":{"rendered":"https:\/\/castelnew.sviluppo.host\/linee-prodotti\/polyhedra\/"},"modified":"2026-02-02T08:25:34","modified_gmt":"2026-02-02T08:25:34","slug":"polyhedra","status":"publish","type":"page","link":"https:\/\/castelnew.sviluppo.host\/pt-pt\/linhas-de-produtos\/polyhedra\/","title":{"rendered":"Polyhedra"},"content":{"rendered":"<div>Polyhedra<\/div>\n<div>Os produtos da linha POLYHEDRA s\u00e3o indicados para montagem em aplica\u00e7\u00f5es que utilizam fluidos refrigerantes HC, HFO e misturas de HFO (Grupos 1 e 2, A1, A2L e A3 grupos de seguran\u00e7a ASHRAE)<br \/>A s\u00e9rie POLYHEDRA pode ser instalada em aplica\u00e7\u00f5es que utilizem fluidos refrigerantes HFC ou para manuten\u00e7\u00e3o de sistemas antigos.<\/p>\n<p>&#8211; Uma s\u00e9rie para todas as aplica\u00e7\u00f5es, exceto aquelas que usam R22<\/p><\/div>\n<div>\n\n<div class=\"castel-macro-categories uk-container uk-container-xlarge uk-margin-large-top uk-margin-large-bottom\">\n            <div class=\"uk-grid uk-grid-small uk-child-width-1-2@m uk-child-width-1-3@l uk-flex-middle\" uk-grid>\n                            \n                <div>\n                    <div class=\"uk-card uk-card-default uk-card-body\">\n                        <a href=\"https:\/\/castelnew.sviluppo.host\/pt-pt\/linha-de-produtos\/valvulas-de-expansao-00780\/\" class=\"uk-link-reset\">\n                            <img decoding=\"async\" src=\"\/uploads\/Famiglia-manuale-Valvole-Espansione_23NEW.jpg\" class=\"uk-card-media-top castel-media-categories\" alt=\"V\u00e1lvulas de expans\u00e3o\">\n                            <span class=\"uk-h3 uk-margin-small d-table uk-text-bolder\">\n\t\t\t\t\t\t\t\tV\u00e1lvulas de expans\u00e3o\t\t\t\t\t\t\t<\/span>\n\n                            <span class=\"d-table mt-2 uk-light\">As v\u00e1lvulas de expans\u00e3o s\u00e3o componentes capazes de levar o refrigerante da press\u00e3o de condensa\u00e7\u00e3o \u00e0 press\u00e3o de evapora\u00e7\u00e3o. S\u00e3o dispositivos de controlo do tipo proporcional que t?...<\/span>\n\n\t\t\t\t\t\t\t<span><img decoding=\"async\" src=\"\/wp-content\/plugins\/castel_plugin\/assets\/img\/arrow.png\" class=\"castel-macroimages\" alt=\"\" style=\"\"\/><\/span>\n                        <\/a>\n                    <\/div>\n                <\/div>\n                            \n                <div>\n                    <div class=\"uk-card uk-card-default uk-card-body\">\n                        <a href=\"https:\/\/castelnew.sviluppo.host\/pt-pt\/linha-de-produtos\/valvulas-solenoides-00948\/\" class=\"uk-link-reset\">\n                            <img decoding=\"async\" src=\"\/uploads\/Solenoid-Valves-Group_step1.jpg\" class=\"uk-card-media-top castel-media-categories\" alt=\"V\u00e1lvulas solenoides\">\n                            <span class=\"uk-h3 uk-margin-small d-table uk-text-bolder\">\n\t\t\t\t\t\t\t\tV\u00e1lvulas solenoides\t\t\t\t\t\t\t<\/span>\n\n                            <span class=\"d-table mt-2 uk-light\">As v\u00e1lvulas solenoides podem ser utilizadas para aplica\u00e7\u00f5es industriais, para ar, \u00e1gua e outros fluidos para utiliza\u00e7\u00e3o em sistemas de refrigera\u00e7\u00e3o e ar condicionado, para fluidos re...<\/span>\n\n\t\t\t\t\t\t\t<span><img decoding=\"async\" src=\"\/wp-content\/plugins\/castel_plugin\/assets\/img\/arrow.png\" class=\"castel-macroimages\" alt=\"\" style=\"\"\/><\/span>\n                        <\/a>\n                    <\/div>\n                <\/div>\n                            \n                <div>\n                    <div class=\"uk-card uk-card-default uk-card-body\">\n                        <a href=\"https:\/\/castelnew.sviluppo.host\/pt-pt\/linha-de-produtos\/dispositivos-de-seguranca-00731\/\" class=\"uk-link-reset\">\n                            <img decoding=\"async\" src=\"\/uploads\/Safety-devices_NEW.jpg\" class=\"uk-card-media-top castel-media-categories\" alt=\"DISPOSITIVOS DE SEGURAN\u00c7A\">\n                            <span class=\"uk-h3 uk-margin-small d-table uk-text-bolder\">\n\t\t\t\t\t\t\t\tDispositivos de seguran\u00e7a\t\t\t\t\t\t\t<\/span>\n\n                            <span class=\"d-table mt-2 uk-light\">Dispositivos de seguran\u00e7a e respetivos acess\u00f3rios para sistemas de refrigera\u00e7\u00e3o e de ar condicionado; para refrigerantes fluorados (HFC e HFO) e refrigerantes naturais (HC e CO2).\\nDispo...<\/span>\n\n\t\t\t\t\t\t\t<span><img decoding=\"async\" src=\"\/wp-content\/plugins\/castel_plugin\/assets\/img\/arrow.png\" class=\"castel-macroimages\" alt=\"\" style=\"\"\/><\/span>\n                        <\/a>\n                    <\/div>\n                <\/div>\n                            \n                <div>\n                    <div class=\"uk-card uk-card-default uk-card-body\">\n                        <a href=\"https:\/\/castelnew.sviluppo.host\/pt-pt\/linha-de-produtos\/valvulas-de-retencao-00777\/\" class=\"uk-link-reset\">\n                            <img decoding=\"async\" src=\"\/uploads\/gruppo-ritegno.jpg\" class=\"uk-card-media-top castel-media-categories\" alt=\"V\u00c1LVULAS DE RETEN\u00c7\u00c3O\">\n                            <span class=\"uk-h3 uk-margin-small d-table uk-text-bolder\">\n\t\t\t\t\t\t\t\tV\u00e1lvulas de reten\u00e7\u00e3o\t\t\t\t\t\t\t<\/span>\n\n                            <span class=\"d-table mt-2 uk-light\">A v\u00e1lvula de reten\u00e7\u00e3o \u00e9 um dispositivo que permite que o fluido passe atrav\u00e9s de um tubo ou de uma conduta numa \u00fanica dire\u00e7\u00e3o, raz\u00e3o pela qual \u00e9 importante verificar se o sentido d...<\/span>\n\n\t\t\t\t\t\t\t<span><img decoding=\"async\" src=\"\/wp-content\/plugins\/castel_plugin\/assets\/img\/arrow.png\" class=\"castel-macroimages\" alt=\"\" style=\"\"\/><\/span>\n                        <\/a>\n                    <\/div>\n                <\/div>\n                            \n                <div>\n                    <div class=\"uk-card uk-card-default uk-card-body\">\n                        <a href=\"https:\/\/castelnew.sviluppo.host\/pt-pt\/linha-de-produtos\/reguladores-de-pressao-00735\/\" class=\"uk-link-reset\">\n                            <img decoding=\"async\" src=\"\/uploads\/Valvole-regoalzione_step1-e-step2regolatori.jpg\" class=\"uk-card-media-top castel-media-categories\" alt=\"REGULADORES DE PRESS\u00c3O\">\n                            <span class=\"uk-h3 uk-margin-small d-table uk-text-bolder\">\n\t\t\t\t\t\t\t\tReguladores de press\u00e3o\t\t\t\t\t\t\t<\/span>\n\n                            <span class=\"d-table mt-2 uk-light\">Os reguladores de press\u00e3o podem ser instalados nas tr\u00eas linhas principais de um sistema (linha de l\u00edquido, linha de aspira\u00e7\u00e3o, linha de g\u00e1s quente) e na linha de alta e baixa press\u00e3o,...<\/span>\n\n\t\t\t\t\t\t\t<span><img decoding=\"async\" src=\"\/wp-content\/plugins\/castel_plugin\/assets\/img\/arrow.png\" class=\"castel-macroimages\" alt=\"\" style=\"\"\/><\/span>\n                        <\/a>\n                    <\/div>\n                <\/div>\n                            \n                <div>\n                    <div class=\"uk-card uk-card-default uk-card-body\">\n                        <a href=\"https:\/\/castelnew.sviluppo.host\/pt-pt\/linha-de-produtos\/dispositivos-de-protecao-00732\/\" class=\"uk-link-reset\">\n                            <img decoding=\"async\" src=\"\/uploads\/Gruppo-dispositivi-di-protezione_step1.jpg\" class=\"uk-card-media-top castel-media-categories\" alt=\"DISPOSITIVOS DE PROTE\u00c7\u00c3O\">\n                            <span class=\"uk-h3 uk-margin-small d-table uk-text-bolder\">\n\t\t\t\t\t\t\t\tDispositivos de prote\u00e7\u00e3o\t\t\t\t\t\t\t<\/span>\n\n                            <span class=\"d-table mt-2 uk-light\">Os dispositivos de prote\u00e7\u00e3o dos sistemas de refrigera\u00e7\u00e3o s\u00e3o dispositivos de controlo da humidade, dispositivos de desidrata\u00e7\u00e3o e filtra\u00e7\u00e3o mec\u00e2nica do refrigerante. Indicadores e ...<\/span>\n\n\t\t\t\t\t\t\t<span><img decoding=\"async\" src=\"\/wp-content\/plugins\/castel_plugin\/assets\/img\/arrow.png\" class=\"castel-macroimages\" alt=\"\" style=\"\"\/><\/span>\n                        <\/a>\n                    <\/div>\n                <\/div>\n                            \n                <div>\n                    <div class=\"uk-card uk-card-default uk-card-body\">\n                        <a href=\"https:\/\/castelnew.sviluppo.host\/pt-pt\/linha-de-produtos\/sistemas-de-controlo-do-oleo-00734\/\" class=\"uk-link-reset\">\n                            <img decoding=\"async\" src=\"\/uploads\/gruppo-Sistemi-di-controllo-olio.jpg\" class=\"uk-card-media-top castel-media-categories\" alt=\"SISTEMAS DE CONTROLO DO \u00d3LEO\">\n                            <span class=\"uk-h3 uk-margin-small d-table uk-text-bolder\">\n\t\t\t\t\t\t\t\tSistemas de controlo do \u00f3leo\t\t\t\t\t\t\t<\/span>\n\n                            <span class=\"d-table mt-2 uk-light\">Um sistema adequado de controlo de \u00f3leo \u00e9 fundamental para garantir a lubrifica\u00e7\u00e3o dos compressores e uma troca t\u00e9rmica eficiente. Quantidades excessivas de \u00f3leo que circulam num siste...<\/span>\n\n\t\t\t\t\t\t\t<span><img decoding=\"async\" src=\"\/wp-content\/plugins\/castel_plugin\/assets\/img\/arrow.png\" class=\"castel-macroimages\" alt=\"\" style=\"\"\/><\/span>\n                        <\/a>\n                    <\/div>\n                <\/div>\n                            \n                <div>\n                    <div class=\"uk-card uk-card-default uk-card-body\">\n                        <a href=\"https:\/\/castelnew.sviluppo.host\/pt-pt\/linha-de-produtos\/torneiras-00736\/\" class=\"uk-link-reset\">\n                            <img decoding=\"async\" src=\"\/uploads\/gruppo_rubinetti-sfera-3vie_RITEGNO_V002.jpg\" class=\"uk-card-media-top castel-media-categories\" alt=\"TORNEIRAS\">\n                            <span class=\"uk-h3 uk-margin-small d-table uk-text-bolder\">\n\t\t\t\t\t\t\t\tTorneiras\t\t\t\t\t\t\t<\/span>\n\n                            <span class=\"d-table mt-2 uk-light\">A Castel oferece uma ampla gama de v\u00e1lvulas de esfera para cada aplica\u00e7\u00e3o e condi\u00e7\u00f5es de trabalho, incluindo as com ou sem liga\u00e7\u00e3o de carga.\\nA Castel possui uma ampla gama de v\u00e1lvul...<\/span>\n\n\t\t\t\t\t\t\t<span><img decoding=\"async\" src=\"\/wp-content\/plugins\/castel_plugin\/assets\/img\/arrow.png\" class=\"castel-macroimages\" alt=\"\" style=\"\"\/><\/span>\n                        <\/a>\n                    <\/div>\n                <\/div>\n                            \n                <div>\n                    <div class=\"uk-card uk-card-default uk-card-body\">\n                        <a href=\"https:\/\/castelnew.sviluppo.host\/pt-pt\/linha-de-produtos\/tubos-anti-vibracao-00730\/\" class=\"uk-link-reset\">\n                            <img decoding=\"async\" src=\"\/uploads\/gruppo-antivibranti_v2.jpg\" class=\"uk-card-media-top castel-media-categories\" alt=\"TUBOS ANTI-VIBRA\u00c7\u00c3O\">\n                            <span class=\"uk-h3 uk-margin-small d-table uk-text-bolder\">\n\t\t\t\t\t\t\t\tTubos anti-vibra\u00e7\u00e3o\t\t\t\t\t\t\t<\/span>\n\n                            <span class=\"d-table mt-2 uk-light\">Os tubos anti-vibra\u00e7\u00e3o est\u00e3o instalados em sistemas de refrigera\u00e7\u00e3o comercial e de ar condicionado, dom\u00e9stico, comercial e industrial com o objetivo de eliminar a transmiss\u00e3o das vibr...<\/span>\n\n\t\t\t\t\t\t\t<span><img decoding=\"async\" src=\"\/wp-content\/plugins\/castel_plugin\/assets\/img\/arrow.png\" class=\"castel-macroimages\" alt=\"\" style=\"\"\/><\/span>\n                        <\/a>\n                    <\/div>\n                <\/div>\n                    <\/div>\n    <\/div>\n\n<\/div>\n<div>Explore os produtos de outras s\u00e9ries\u2026\n<\/div>\n<ul>\n<li>\n<h1>GoGreen<\/h1>\n<div>Os produtos GOGREEN s\u00e3o projetados para aplica\u00e7\u00f5es com refrigerante R744, respeitando os limites de press\u00e3o permitidos.\n<\/div>\n<p><a href=\"https:\/\/castelnew.sviluppo.host\/pt-pt\/linhas-de-produtos\/gogreen\/\">Linha Gogreen<\/a><\/p>\n<\/li>\n<li>\n<h1>Classic<\/h1>\n<div>A linha Classic \u00e9 projetada para aplica\u00e7\u00f5es com refrigerantes HFC e HFO, incluindo sistemas que ainda utilizam R22.\n<\/div>\n<p><a href=\"https:\/\/castelnew.sviluppo.host\/pt-pt\/linhas-de-produtos\/classic\/\">Linha Classic<\/a><\/p>\n<\/li>\n<li>\n<h1>Fittings<\/h1>\n<div>A gama Fittings inclui uma sele\u00e7\u00e3o completa de conex\u00f5es, componentes e acess\u00f3rios para sistemas.\n<\/div>\n<p><a href=\"https:\/\/castelnew.sviluppo.host\/pt-pt\/linhas-de-produtos\/fittings\/\">Linha Fittings<\/a><\/p>\n<\/li>\n<li>\n<h1>EVIC<\/h1>\n<div>A linha EVIC \u00e9 dedicada \u00e0s v\u00e1lvulas eletromagn\u00e9ticas industriais para aplica\u00e7\u00f5es HVAC\/R complexas e de alta intensidade.\n<\/div>\n<p><a href=\"https:\/\/castelnew.sviluppo.host\/pt-pt\/linhas-de-produtos\/evic\/\">Linha EVIC<\/a><\/p>\n<\/li>\n<\/ul>\n<p><!--more--><br \/>\n<!-- {\"type\":\"layout\",\"children\":[{\"type\":\"section\",\"props\":{\"header_transparent\":true,\"header_transparent_noplaceholder\":false,\"header_transparent_text_color\":\"light\",\"image\":\"wp-content\\\/uploads\\\/2025\\\/11\\\/backpolyhedra-2.png\",\"image_position\":\"center-center\",\"image_size\":\"cover\",\"style\":\"default\",\"title_breakpoint\":\"xl\",\"title_position\":\"top-left\",\"title_rotation\":\"left\",\"vertical_align\":\"middle\",\"width\":\"xlarge\"},\"children\":[{\"type\":\"row\",\"children\":[{\"type\":\"column\",\"props\":{\"image_position\":\"center-center\",\"position_sticky_breakpoint\":\"m\",\"vertical_align\":\"bottom\",\"width_medium\":\"3-5\"},\"children\":[{\"type\":\"headline\",\"props\":{\"class\":\"uk-light\",\"content\":\"Polyhedra\",\"margin_remove_bottom\":true,\"title_element\":\"div\",\"title_style\":\"heading-2xlarge\"}},{\"type\":\"text\",\"props\":{\"class\":\"tk-white\",\"column_breakpoint\":\"m\",\"content\":\"Os produtos da linha POLYHEDRA s\\u00e3o indicados para montagem em aplica\\u00e7\\u00f5es que utilizam fluidos refrigerantes HC, HFO e misturas de HFO (Grupos 1 e 2, A1, A2L e A3 grupos de seguran\\u00e7a ASHRAE)<br \/>A s\\u00e9rie POLYHEDRA pode ser instalada em aplica\\u00e7\\u00f5es que utilizem fluidos refrigerantes HFC ou para manuten\\u00e7\\u00e3o de sistemas antigos.\n\n- Uma s\\u00e9rie para todas as aplica\\u00e7\\u00f5es, exceto aquelas que usam R22\",\"margin\":\"default\",\"text_align\":\"left\"}}]},{\"type\":\"column\",\"props\":{\"image_position\":\"center-center\",\"position_sticky_breakpoint\":\"m\",\"width_medium\":\"2-5\"}}],\"props\":{\"css\":\".el-row{\\n\\tpadding-top:60px;\\n}\",\"layout\":\"3-5,2-5\"}}]},{\"type\":\"section\",\"props\":{\"image_position\":\"center-center\",\"style\":\"default\",\"title_breakpoint\":\"xl\",\"title_position\":\"top-left\",\"title_rotation\":\"left\",\"vertical_align\":\"middle\",\"width\":\"xlarge\"},\"children\":[{\"type\":\"row\",\"children\":[{\"type\":\"column\",\"props\":{\"image_position\":\"center-center\",\"position_sticky_breakpoint\":\"m\"},\"children\":[{\"type\":\"text\",\"props\":{\"column_breakpoint\":\"m\",\"content\":\"\n\n<p>[castel-categories linea=\\\"POLYHEDRA\\\"]<\\\/p>\",\"margin\":\"default\"}}]}]}]},{\"type\":\"section\",\"props\":{\"image_position\":\"center-center\",\"padding_remove_top\":true,\"style\":\"default\",\"title_breakpoint\":\"xl\",\"title_position\":\"top-left\",\"title_rotation\":\"left\",\"vertical_align\":\"middle\",\"width\":\"xlarge\"},\"children\":[{\"type\":\"row\",\"children\":[{\"type\":\"column\",\"props\":{\"image_position\":\"center-center\",\"position_sticky_breakpoint\":\"m\"},\"children\":[{\"type\":\"headline\",\"props\":{\"class\":\"uk-light\",\"content\":\"Explore os produtos de outras s\\u00e9ries\\u2026\\n\",\"margin_remove_bottom\":true,\"title_color\":\"secondary\",\"title_element\":\"div\",\"title_style\":\"heading-small\"}}]}],\"props\":{\"css\":\".el-row{\\n\\tpadding-top:120px!important;\\n   \\tborder-top:1px solid #00132d;\\n}\"}},{\"type\":\"row\",\"children\":[{\"type\":\"column\",\"props\":{\"image_position\":\"center-center\",\"position_sticky_breakpoint\":\"m\"},\"children\":[{\"type\":\"grid\",\"props\":{\"content_column_breakpoint\":\"m\",\"css\":\".el-element > div > div:nth-child(1) .el-title, .el-element > div > div:nth-child(1) .el-link{\\n\\tcolor:var(--tk-googreen);\\n}\\n.el-element > div > div:nth-child(1) .el-link{\\n    background-image: linear-gradient(90deg, var(--tk-googreen) 50%, transparent 50%);\\n}\\n.el-element .el-link:hover{\\n\\tcolor:#fff!important\\n}\\n.el-element > div > div:nth-child(2) .el-title, .el-element > div > div:nth-child(2) .el-link{\\n\\tcolor:var(--tk-classic);\\n}\\n.el-element > div > div:nth-child(2) .el-link{\\n    background-image: linear-gradient(90deg, var(--tk-classic) 50%, transparent 50%);\\n}\\n.el-element > div > div:nth-child(3) .el-title, .el-element > div > div:nth-child(3) .el-link{\\n\\tcolor:var(--tk-fittings);\\n}\\n.el-element > div > div:nth-child(3) .el-link{\\n    background-image: linear-gradient(90deg, var(--tk-fittings) 50%, transparent 50%);\\n}\\n.el-element > div > div:nth-child(4) .el-title, .el-element > div > div:nth-child(4) .el-link{\\n\\tcolor:var(--tk-evic);\\n}\\n.el-element > div > div:nth-child(4) .el-link{\\n    background-image: linear-gradient(90deg, var(--tk-evic) 50%, transparent 50%);\\n}\",\"filter_align\":\"left\",\"filter_all\":true,\"filter_grid_breakpoint\":\"m\",\"filter_grid_width\":\"auto\",\"filter_position\":\"top\",\"filter_style\":\"tab\",\"grid_default\":\"1\",\"grid_medium\":\"4\",\"icon_width\":80,\"image_align\":\"top\",\"image_grid_breakpoint\":\"m\",\"image_grid_width\":\"1-2\",\"image_svg_color\":\"emphasis\",\"item_animation\":true,\"lightbox_bg_close\":true,\"link_style\":\"secondary\",\"link_text\":\"Read more\",\"margin\":\"default\",\"meta_align\":\"below-title\",\"meta_element\":\"div\",\"meta_style\":\"text-meta\",\"panel_link\":true,\"show_content\":true,\"show_hover_image\":true,\"show_hover_video\":true,\"show_image\":true,\"show_link\":true,\"show_meta\":true,\"show_title\":true,\"show_video\":true,\"title_align\":\"top\",\"title_element\":\"h1\",\"title_grid_breakpoint\":\"m\",\"title_grid_width\":\"1-2\",\"title_hover_style\":\"reset\"},\"children\":[{\"type\":\"grid_item\",\"props\":{\"content\":\"Os produtos GOGREEN s\\u00e3o projetados para aplica\\u00e7\\u00f5es com refrigerante R744, respeitando os limites de press\\u00e3o permitidos.\\n\",\"link\":\"\\\/pt-pt\\\/linhas-de-produtos\\\/gogreen\\\/\",\"link_text\":\"Linha Gogreen\",\"title\":\"GoGreen\"}},{\"type\":\"grid_item\",\"props\":{\"content\":\"A linha Classic \\u00e9 projetada para aplica\\u00e7\\u00f5es com refrigerantes HFC e HFO, incluindo sistemas que ainda utilizam R22.\\n\",\"link\":\"\\\/pt-pt\\\/linhas-de-produtos\\\/classic\\\/\",\"link_text\":\"Linha Classic\",\"title\":\"Classic\"}},{\"type\":\"grid_item\",\"props\":{\"content\":\"A gama Fittings inclui uma sele\\u00e7\\u00e3o completa de conex\\u00f5es, componentes e acess\\u00f3rios para sistemas.\\n\",\"link\":\"\\\/pt-pt\\\/linhas-de-produtos\\\/fittings\\\/\",\"link_text\":\"Linha Fittings\",\"title\":\"Fittings\"}},{\"type\":\"grid_item\",\"props\":{\"content\":\"A linha EVIC \\u00e9 dedicada \\u00e0s v\\u00e1lvulas eletromagn\\u00e9ticas industriais para aplica\\u00e7\\u00f5es HVAC\\\/R complexas e de alta intensidade.\\n\",\"link\":\"\\\/pt-pt\\\/linhas-de-produtos\\\/evic\\\/\",\"link_text\":\"Linha EVIC\",\"title\":\"EVIC\"}}]}]}]}]}],\"version\":\"4.5.15\"} --><\/p>\n","protected":false},"excerpt":{"rendered":"<p>Polyhedra Os produtos da linha POLYHEDRA s\u00e3o indicados para montagem em aplica\u00e7\u00f5es que utilizam fluidos refrigerantes HC, HFO e misturas de HFO (Grupos 1 e 2, A1, A2L e A3 grupos de seguran\u00e7a ASHRAE)A s\u00e9rie POLYHEDRA pode ser instalada em aplica\u00e7\u00f5es que utilizem fluidos refrigerantes HFC ou para manuten\u00e7\u00e3o de sistemas antigos. &#8211; Uma s\u00e9rie [&hellip;]<\/p>\n","protected":false},"author":1,"featured_media":0,"parent":4612,"menu_order":0,"comment_status":"closed","ping_status":"closed","template":"","meta":{"footnotes":""},"class_list":["post-4607","page","type-page","status-publish","hentry"],"_links":{"self":[{"href":"https:\/\/castelnew.sviluppo.host\/pt-pt\/wp-json\/wp\/v2\/pages\/4607","targetHints":{"allow":["GET"]}}],"collection":[{"href":"https:\/\/castelnew.sviluppo.host\/pt-pt\/wp-json\/wp\/v2\/pages"}],"about":[{"href":"https:\/\/castelnew.sviluppo.host\/pt-pt\/wp-json\/wp\/v2\/types\/page"}],"author":[{"embeddable":true,"href":"https:\/\/castelnew.sviluppo.host\/pt-pt\/wp-json\/wp\/v2\/users\/1"}],"replies":[{"embeddable":true,"href":"https:\/\/castelnew.sviluppo.host\/pt-pt\/wp-json\/wp\/v2\/comments?post=4607"}],"version-history":[{"count":3,"href":"https:\/\/castelnew.sviluppo.host\/pt-pt\/wp-json\/wp\/v2\/pages\/4607\/revisions"}],"predecessor-version":[{"id":4649,"href":"https:\/\/castelnew.sviluppo.host\/pt-pt\/wp-json\/wp\/v2\/pages\/4607\/revisions\/4649"}],"up":[{"embeddable":true,"href":"https:\/\/castelnew.sviluppo.host\/pt-pt\/wp-json\/wp\/v2\/pages\/4612"}],"wp:attachment":[{"href":"https:\/\/castelnew.sviluppo.host\/pt-pt\/wp-json\/wp\/v2\/media?parent=4607"}],"curies":[{"name":"wp","href":"https:\/\/api.w.org\/{rel}","templated":true}]}}