{"id":4659,"date":"2025-11-17T11:30:44","date_gmt":"2025-11-17T11:30:44","guid":{"rendered":"https:\/\/castelnew.sviluppo.host\/linee-prodotti\/polyhedra\/"},"modified":"2026-02-02T09:02:35","modified_gmt":"2026-02-02T09:02:35","slug":"polyhedra","status":"publish","type":"page","link":"https:\/\/castelnew.sviluppo.host\/es\/lineas-de-productos\/polyhedra\/","title":{"rendered":"Polyhedra"},"content":{"rendered":"<div>Polyhedra<\/div>\n<div>Los productos de la l\u00ednea POLYHEDRA son adecuados para el montaje en aplicaciones que utilizan fluidos refrigerantes HC, HFO y mezclas de HFO (Grupo 1 y 2, grupos de seguridad A1, A2L y A3 ASHRAE)<br \/>La serie POLYHEDRA se puede instalar en aplicaciones que utilizan fluidos refrigerantes HFC o para el mantenimiento de sistemas antiguos.<\/p>\n<p>&#8211; Una serie para todas las aplicaciones excepto las que utilizan R22<\/div>\n<div>\n\n<div class=\"castel-macro-categories uk-container uk-container-xlarge uk-margin-large-top uk-margin-large-bottom\">\n            <div class=\"uk-grid uk-grid-small uk-child-width-1-2@m uk-child-width-1-3@l uk-flex-middle\" uk-grid>\n                            \n                <div>\n                    <div class=\"uk-card uk-card-default uk-card-body\">\n                        <a href=\"https:\/\/castelnew.sviluppo.host\/es\/linea-de-productos\/valvulas-de-expansion-00780\/\" class=\"uk-link-reset\">\n                            <img decoding=\"async\" src=\"\/uploads\/Famiglia-manuale-Valvole-Espansione_23NEW.jpg\" class=\"uk-card-media-top castel-media-categories\" alt=\"V\u00e1lvulas de expansi\u00f3n\">\n                            <span class=\"uk-h3 uk-margin-small d-table uk-text-bolder\">\n\t\t\t\t\t\t\t\tV\u00e1lvulas de expansi\u00f3n\t\t\t\t\t\t\t<\/span>\n\n                            <span class=\"d-table mt-2 uk-light\">Las v\u00e1lvulas de expansi\u00f3n son componentes capaces de llevar el refrigerante de la presi\u00f3n de condensaci\u00f3n a la presi\u00f3n de evaporaci\u00f3n. Son dispositivos de control de tipo proporcional ...<\/span>\n\n\t\t\t\t\t\t\t<span><img decoding=\"async\" src=\"\/wp-content\/plugins\/castel_plugin\/assets\/img\/arrow.png\" class=\"castel-macroimages\" alt=\"\" style=\"\"\/><\/span>\n                        <\/a>\n                    <\/div>\n                <\/div>\n                            \n                <div>\n                    <div class=\"uk-card uk-card-default uk-card-body\">\n                        <a href=\"https:\/\/castelnew.sviluppo.host\/es\/linea-de-productos\/valvulas-solenoides-00948\/\" class=\"uk-link-reset\">\n                            <img decoding=\"async\" src=\"\/uploads\/Solenoid-Valves-Group_step1.jpg\" class=\"uk-card-media-top castel-media-categories\" alt=\"V\u00e1lvulas solenoides\">\n                            <span class=\"uk-h3 uk-margin-small d-table uk-text-bolder\">\n\t\t\t\t\t\t\t\tV\u00e1lvulas solenoides\t\t\t\t\t\t\t<\/span>\n\n                            <span class=\"d-table mt-2 uk-light\">Las v\u00e1lvulas solenoides pueden utilizarse para aplicaciones industriales, para aire, agua y otros fluidos para aplicaciones en sistemas de refrigeraci\u00f3n y acondicionamiento; para refrigera...<\/span>\n\n\t\t\t\t\t\t\t<span><img decoding=\"async\" src=\"\/wp-content\/plugins\/castel_plugin\/assets\/img\/arrow.png\" class=\"castel-macroimages\" alt=\"\" style=\"\"\/><\/span>\n                        <\/a>\n                    <\/div>\n                <\/div>\n                            \n                <div>\n                    <div class=\"uk-card uk-card-default uk-card-body\">\n                        <a href=\"https:\/\/castelnew.sviluppo.host\/es\/linea-de-productos\/dispositivos-de-seguridad-00731\/\" class=\"uk-link-reset\">\n                            <img decoding=\"async\" src=\"\/uploads\/Safety-devices_NEW.jpg\" class=\"uk-card-media-top castel-media-categories\" alt=\"DISPOSITIVOS DE SEGURIDAD\">\n                            <span class=\"uk-h3 uk-margin-small d-table uk-text-bolder\">\n\t\t\t\t\t\t\t\tDispositivos de seguridad\t\t\t\t\t\t\t<\/span>\n\n                            <span class=\"d-table mt-2 uk-light\">Dispositivos de seguridad y sus accesorios para aplicaciones de refrigeraci\u00f3n y acondicionamiento; para refrigerantes fluorados (HFC y HFO) y refrigerantes naturales (HC y CO2). Dispositivo...<\/span>\n\n\t\t\t\t\t\t\t<span><img decoding=\"async\" src=\"\/wp-content\/plugins\/castel_plugin\/assets\/img\/arrow.png\" class=\"castel-macroimages\" alt=\"\" style=\"\"\/><\/span>\n                        <\/a>\n                    <\/div>\n                <\/div>\n                            \n                <div>\n                    <div class=\"uk-card uk-card-default uk-card-body\">\n                        <a href=\"https:\/\/castelnew.sviluppo.host\/es\/linea-de-productos\/valvulas-de-retencion-00777\/\" class=\"uk-link-reset\">\n                            <img decoding=\"async\" src=\"\/uploads\/gruppo-ritegno.jpg\" class=\"uk-card-media-top castel-media-categories\" alt=\"V\u00c1LVULAS DE RETENCI\u00d3N\">\n                            <span class=\"uk-h3 uk-margin-small d-table uk-text-bolder\">\n\t\t\t\t\t\t\t\tV\u00e1lvulas de retenci\u00f3n\t\t\t\t\t\t\t<\/span>\n\n                            <span class=\"d-table mt-2 uk-light\">La v\u00e1lvula de retenci\u00f3n es un dispositivo que permite la circulaci\u00f3n del fluido en una \u00fanica direcci\u00f3n dentro de un entubado o de un conducto, motivo por el cual es importante comprobar...<\/span>\n\n\t\t\t\t\t\t\t<span><img decoding=\"async\" src=\"\/wp-content\/plugins\/castel_plugin\/assets\/img\/arrow.png\" class=\"castel-macroimages\" alt=\"\" style=\"\"\/><\/span>\n                        <\/a>\n                    <\/div>\n                <\/div>\n                            \n                <div>\n                    <div class=\"uk-card uk-card-default uk-card-body\">\n                        <a href=\"https:\/\/castelnew.sviluppo.host\/es\/linea-de-productos\/reguladores-de-presion-00735\/\" class=\"uk-link-reset\">\n                            <img decoding=\"async\" src=\"\/uploads\/Valvole-regoalzione_step1-e-step2regolatori.jpg\" class=\"uk-card-media-top castel-media-categories\" alt=\"REGULADORES DE PRESI\u00d3N\">\n                            <span class=\"uk-h3 uk-margin-small d-table uk-text-bolder\">\n\t\t\t\t\t\t\t\tReguladores de presi\u00f3n\t\t\t\t\t\t\t<\/span>\n\n                            <span class=\"d-table mt-2 uk-light\">Los reguladores de presi\u00f3n pueden instalarse en los tres ramales principales de un sistema (conducto del l\u00edquido, conducto de aspiraci\u00f3n, conducto del gas caliente) y en el conducto de al...<\/span>\n\n\t\t\t\t\t\t\t<span><img decoding=\"async\" src=\"\/wp-content\/plugins\/castel_plugin\/assets\/img\/arrow.png\" class=\"castel-macroimages\" alt=\"\" style=\"\"\/><\/span>\n                        <\/a>\n                    <\/div>\n                <\/div>\n                            \n                <div>\n                    <div class=\"uk-card uk-card-default uk-card-body\">\n                        <a href=\"https:\/\/castelnew.sviluppo.host\/es\/linea-de-productos\/dispositivos-de-proteccion-00732\/\" class=\"uk-link-reset\">\n                            <img decoding=\"async\" src=\"\/uploads\/Gruppo-dispositivi-di-protezione_step1.jpg\" class=\"uk-card-media-top castel-media-categories\" alt=\"DISPOSITIVOS DE PROTECCI\u00d3N\">\n                            <span class=\"uk-h3 uk-margin-small d-table uk-text-bolder\">\n\t\t\t\t\t\t\t\tDispositivos de protecci\u00f3n\t\t\t\t\t\t\t<\/span>\n\n                            <span class=\"d-table mt-2 uk-light\">Los dispositivos de protecci\u00f3n de los sistemas de refrigeraci\u00f3n son dispositivos de control de la humedad, dispositivos de deshidrataci\u00f3n y de filtraci\u00f3n mec\u00e1nica del refrigerante. Indi...<\/span>\n\n\t\t\t\t\t\t\t<span><img decoding=\"async\" src=\"\/wp-content\/plugins\/castel_plugin\/assets\/img\/arrow.png\" class=\"castel-macroimages\" alt=\"\" style=\"\"\/><\/span>\n                        <\/a>\n                    <\/div>\n                <\/div>\n                            \n                <div>\n                    <div class=\"uk-card uk-card-default uk-card-body\">\n                        <a href=\"https:\/\/castelnew.sviluppo.host\/es\/linea-de-productos\/sistemas-de-control-del-aceite-00734\/\" class=\"uk-link-reset\">\n                            <img decoding=\"async\" src=\"\/uploads\/gruppo-Sistemi-di-controllo-olio.jpg\" class=\"uk-card-media-top castel-media-categories\" alt=\"SISTEMAS DE CONTROL DEL ACEITE\">\n                            <span class=\"uk-h3 uk-margin-small d-table uk-text-bolder\">\n\t\t\t\t\t\t\t\tSistemas de control del aceite\t\t\t\t\t\t\t<\/span>\n\n                            <span class=\"d-table mt-2 uk-light\">Es fundamental disponer de un sistema adecuado de control del aceite para garantizar la lubricaci\u00f3n de los compresores y un intercambio t\u00e9rmico eficiente. La circulaci\u00f3n de cantidades de ...<\/span>\n\n\t\t\t\t\t\t\t<span><img decoding=\"async\" src=\"\/wp-content\/plugins\/castel_plugin\/assets\/img\/arrow.png\" class=\"castel-macroimages\" alt=\"\" style=\"\"\/><\/span>\n                        <\/a>\n                    <\/div>\n                <\/div>\n                            \n                <div>\n                    <div class=\"uk-card uk-card-default uk-card-body\">\n                        <a href=\"https:\/\/castelnew.sviluppo.host\/es\/linea-de-productos\/llaves-00736\/\" class=\"uk-link-reset\">\n                            <img decoding=\"async\" src=\"\/uploads\/gruppo_rubinetti-sfera-3vie_RITEGNO_V002.jpg\" class=\"uk-card-media-top castel-media-categories\" alt=\"LLAVES\">\n                            <span class=\"uk-h3 uk-margin-small d-table uk-text-bolder\">\n\t\t\t\t\t\t\t\tLlaves\t\t\t\t\t\t\t<\/span>\n\n                            <span class=\"d-table mt-2 uk-light\">Castel ofrece una amplia gama de v\u00e1lvulas con obturador esf\u00e9rico para todo tipo de aplicaciones y de condiciones de trabajo, entre otras, v\u00e1lvulas con o sin conexi\u00f3n de carga.\\nCastel po...<\/span>\n\n\t\t\t\t\t\t\t<span><img decoding=\"async\" src=\"\/wp-content\/plugins\/castel_plugin\/assets\/img\/arrow.png\" class=\"castel-macroimages\" alt=\"\" style=\"\"\/><\/span>\n                        <\/a>\n                    <\/div>\n                <\/div>\n                            \n                <div>\n                    <div class=\"uk-card uk-card-default uk-card-body\">\n                        <a href=\"https:\/\/castelnew.sviluppo.host\/es\/linea-de-productos\/amorituguadores-de-vibraciones-00730\/\" class=\"uk-link-reset\">\n                            <img decoding=\"async\" src=\"\/uploads\/gruppo-antivibranti_v2.jpg\" class=\"uk-card-media-top castel-media-categories\" alt=\"AMORITUGUADORES DE VIBRACIONES\">\n                            <span class=\"uk-h3 uk-margin-small d-table uk-text-bolder\">\n\t\t\t\t\t\t\t\tAmorituguadores de vibraciones\t\t\t\t\t\t\t<\/span>\n\n                            <span class=\"d-table mt-2 uk-light\">Los amortiguadores de vibraciones se instalan en sistemas de refrigeraci\u00f3n comercial y de acondicionamiento del aire civil e industrial con el fin de eliminar la transmisi\u00f3n al entubado de...<\/span>\n\n\t\t\t\t\t\t\t<span><img decoding=\"async\" src=\"\/wp-content\/plugins\/castel_plugin\/assets\/img\/arrow.png\" class=\"castel-macroimages\" alt=\"\" style=\"\"\/><\/span>\n                        <\/a>\n                    <\/div>\n                <\/div>\n                    <\/div>\n    <\/div>\n\n<\/div>\n<div>Explora los productos de otras series&#8230;\n<\/div>\n<ul>\n<li>\n<h1>GoGreen<\/h1>\n<div>Los productos GOGREEN est\u00e1n dise\u00f1ados para aplicaciones con refrigerante R744, respetando los l\u00edmites de presi\u00f3n permitidos.<\/div>\n<p><a href=\"https:\/\/castelnew.sviluppo.host\/es\/lineas-de-productos\/gogreen\/\">L\u00ecnea Gogreen<\/a><\/p>\n<\/li>\n<li>\n<h1>Classic<\/h1>\n<div>La l\u00ednea Classic est\u00e1 dise\u00f1ada para aplicaciones con refrigerantes HFC y HFO, incluyendo sistemas que a\u00fan utilizan R22.\n<\/div>\n<p><a href=\"https:\/\/castelnew.sviluppo.host\/es\/lineas-de-productos\/classic\/\">L\u00ecnea Classic<\/a><\/p>\n<\/li>\n<li>\n<h1>Fittings<\/h1>\n<div>La gama Fittings incluye una selecci\u00f3n completa de conexiones, componentes y accesorios para sistemas.\n<\/div>\n<p><a href=\"https:\/\/castelnew.sviluppo.host\/es\/lineas-de-productos\/fittings\/\">L\u00ecnea Fittings<\/a><\/p>\n<\/li>\n<li>\n<h1>EVIC<\/h1>\n<div>La l\u00ednea EVIC est\u00e1 dedicada a las v\u00e1lvulas electromagn\u00e9ticas industriales para aplicaciones HVAC\/R complejas y de alta intensidad.\n<\/div>\n<p><a href=\"https:\/\/castelnew.sviluppo.host\/es\/lineas-de-productos\/evic\/\">L\u00ecnea EVIC<\/a><\/p>\n<\/li>\n<\/ul>\n<p><!--more--><br \/>\n<!-- {\"type\":\"layout\",\"children\":[{\"type\":\"section\",\"props\":{\"header_transparent\":true,\"header_transparent_noplaceholder\":false,\"header_transparent_text_color\":\"light\",\"image\":\"wp-content\\\/uploads\\\/2025\\\/11\\\/backpolyhedra-2.png\",\"image_position\":\"center-center\",\"image_size\":\"cover\",\"style\":\"default\",\"title_breakpoint\":\"xl\",\"title_position\":\"top-left\",\"title_rotation\":\"left\",\"vertical_align\":\"middle\",\"width\":\"xlarge\"},\"children\":[{\"type\":\"row\",\"children\":[{\"type\":\"column\",\"props\":{\"image_position\":\"center-center\",\"position_sticky_breakpoint\":\"m\",\"vertical_align\":\"bottom\",\"width_medium\":\"3-5\"},\"children\":[{\"type\":\"headline\",\"props\":{\"class\":\"uk-light\",\"content\":\"Polyhedra\",\"margin_remove_bottom\":true,\"title_element\":\"div\",\"title_style\":\"heading-2xlarge\"}},{\"type\":\"text\",\"props\":{\"class\":\"tk-white\",\"column_breakpoint\":\"m\",\"content\":\"Los productos de la l\\u00ednea POLYHEDRA son adecuados para el montaje en aplicaciones que utilizan fluidos refrigerantes HC, HFO y mezclas de HFO (Grupo 1 y 2, grupos de seguridad A1, A2L y A3 ASHRAE)<br \/>La serie POLYHEDRA se puede instalar en aplicaciones que utilizan fluidos refrigerantes HFC o para el mantenimiento de sistemas antiguos.\n\n- Una serie para todas las aplicaciones excepto las que utilizan R22<br \/>\",\"margin\":\"default\",\"text_align\":\"left\"}}]},{\"type\":\"column\",\"props\":{\"image_position\":\"center-center\",\"position_sticky_breakpoint\":\"m\",\"width_medium\":\"2-5\"}}],\"props\":{\"css\":\".el-row{\\n\\tpadding-top:60px;\\n}\",\"layout\":\"3-5,2-5\"}}]},{\"type\":\"section\",\"props\":{\"image_position\":\"center-center\",\"style\":\"default\",\"title_breakpoint\":\"xl\",\"title_position\":\"top-left\",\"title_rotation\":\"left\",\"vertical_align\":\"middle\",\"width\":\"xlarge\"},\"children\":[{\"type\":\"row\",\"children\":[{\"type\":\"column\",\"props\":{\"image_position\":\"center-center\",\"position_sticky_breakpoint\":\"m\"},\"children\":[{\"type\":\"text\",\"props\":{\"column_breakpoint\":\"m\",\"content\":\"\n\n<p>[castel-categories linea=\\\"POLYHEDRA\\\"]<\\\/p>\",\"margin\":\"default\"}}]}]}]},{\"type\":\"section\",\"props\":{\"image_position\":\"center-center\",\"padding_remove_top\":true,\"style\":\"default\",\"title_breakpoint\":\"xl\",\"title_position\":\"top-left\",\"title_rotation\":\"left\",\"vertical_align\":\"middle\",\"width\":\"xlarge\"},\"children\":[{\"type\":\"row\",\"children\":[{\"type\":\"column\",\"props\":{\"image_position\":\"center-center\",\"position_sticky_breakpoint\":\"m\"},\"children\":[{\"type\":\"headline\",\"props\":{\"class\":\"uk-light\",\"content\":\"Explora los productos de otras series...\\n\",\"margin_remove_bottom\":true,\"title_color\":\"secondary\",\"title_element\":\"div\",\"title_style\":\"heading-small\"}}]}],\"props\":{\"css\":\".el-row{\\n\\tpadding-top:120px!important;\\n   \\tborder-top:1px solid #00132d;\\n}\"}},{\"type\":\"row\",\"children\":[{\"type\":\"column\",\"props\":{\"image_position\":\"center-center\",\"position_sticky_breakpoint\":\"m\"},\"children\":[{\"type\":\"grid\",\"props\":{\"content_column_breakpoint\":\"m\",\"css\":\".el-element > div > div:nth-child(1) .el-title, .el-element > div > div:nth-child(1) .el-link{\\n\\tcolor:var(--tk-googreen);\\n}\\n.el-element > div > div:nth-child(1) .el-link{\\n    background-image: linear-gradient(90deg, var(--tk-googreen) 50%, transparent 50%);\\n}\\n.el-element .el-link:hover{\\n\\tcolor:#fff!important\\n}\\n.el-element > div > div:nth-child(2) .el-title, .el-element > div > div:nth-child(2) .el-link{\\n\\tcolor:var(--tk-classic);\\n}\\n.el-element > div > div:nth-child(2) .el-link{\\n    background-image: linear-gradient(90deg, var(--tk-classic) 50%, transparent 50%);\\n}\\n.el-element > div > div:nth-child(3) .el-title, .el-element > div > div:nth-child(3) .el-link{\\n\\tcolor:var(--tk-fittings);\\n}\\n.el-element > div > div:nth-child(3) .el-link{\\n    background-image: linear-gradient(90deg, var(--tk-fittings) 50%, transparent 50%);\\n}\\n.el-element > div > div:nth-child(4) .el-title, .el-element > div > div:nth-child(4) .el-link{\\n\\tcolor:var(--tk-evic);\\n}\\n.el-element > div > div:nth-child(4) .el-link{\\n    background-image: linear-gradient(90deg, var(--tk-evic) 50%, transparent 50%);\\n}\",\"filter_align\":\"left\",\"filter_all\":true,\"filter_grid_breakpoint\":\"m\",\"filter_grid_width\":\"auto\",\"filter_position\":\"top\",\"filter_style\":\"tab\",\"grid_default\":\"1\",\"grid_medium\":\"4\",\"icon_width\":80,\"image_align\":\"top\",\"image_grid_breakpoint\":\"m\",\"image_grid_width\":\"1-2\",\"image_svg_color\":\"emphasis\",\"item_animation\":true,\"lightbox_bg_close\":true,\"link_style\":\"secondary\",\"link_text\":\"Read more\",\"margin\":\"default\",\"meta_align\":\"below-title\",\"meta_element\":\"div\",\"meta_style\":\"text-meta\",\"panel_link\":true,\"show_content\":true,\"show_hover_image\":true,\"show_hover_video\":true,\"show_image\":true,\"show_link\":true,\"show_meta\":true,\"show_title\":true,\"show_video\":true,\"title_align\":\"top\",\"title_element\":\"h1\",\"title_grid_breakpoint\":\"m\",\"title_grid_width\":\"1-2\",\"title_hover_style\":\"reset\"},\"children\":[{\"type\":\"grid_item\",\"props\":{\"content\":\"Los productos GOGREEN est\\u00e1n dise\\u00f1ados para aplicaciones con refrigerante R744, respetando los l\\u00edmites de presi\\u00f3n permitidos.\",\"link\":\"\\\/es\\\/lineas-de-productos\\\/gogreen\",\"link_text\":\"L\\u00ecnea Gogreen\",\"title\":\"GoGreen\"}},{\"type\":\"grid_item\",\"props\":{\"content\":\"La l\\u00ednea Classic est\\u00e1 dise\\u00f1ada para aplicaciones con refrigerantes HFC y HFO, incluyendo sistemas que a\\u00fan utilizan R22.\\n\",\"link\":\"\\\/es\\\/lineas-de-productos\\\/classic\",\"link_text\":\"L\\u00ecnea Classic\",\"title\":\"Classic\"}},{\"type\":\"grid_item\",\"props\":{\"content\":\"La gama Fittings incluye una selecci\\u00f3n completa de conexiones, componentes y accesorios para sistemas.\\n\",\"link\":\"\\\/es\\\/lineas-de-productos\\\/fittings\",\"link_text\":\"L\\u00ecnea Fittings\",\"title\":\"Fittings\"}},{\"type\":\"grid_item\",\"props\":{\"content\":\"La l\\u00ednea EVIC est\\u00e1 dedicada a las v\\u00e1lvulas electromagn\\u00e9ticas industriales para aplicaciones HVAC\\\/R complejas y de alta intensidad.\\n\",\"link\":\"\\\/es\\\/lineas-de-productos\\\/evic\",\"link_text\":\"L\\u00ecnea EVIC\",\"title\":\"EVIC\"}}]}]}]}]}],\"version\":\"4.5.15\"} --><\/p>\n","protected":false},"excerpt":{"rendered":"<p>Polyhedra Los productos de la l\u00ednea POLYHEDRA son adecuados para el montaje en aplicaciones que utilizan fluidos refrigerantes HC, HFO y mezclas de HFO (Grupo 1 y 2, grupos de seguridad A1, A2L y A3 ASHRAE)La serie POLYHEDRA se puede instalar en aplicaciones que utilizan fluidos refrigerantes HFC o para el mantenimiento de sistemas antiguos. [&hellip;]<\/p>\n","protected":false},"author":1,"featured_media":0,"parent":4654,"menu_order":0,"comment_status":"closed","ping_status":"closed","template":"","meta":{"footnotes":""},"class_list":["post-4659","page","type-page","status-publish","hentry"],"_links":{"self":[{"href":"https:\/\/castelnew.sviluppo.host\/es\/wp-json\/wp\/v2\/pages\/4659","targetHints":{"allow":["GET"]}}],"collection":[{"href":"https:\/\/castelnew.sviluppo.host\/es\/wp-json\/wp\/v2\/pages"}],"about":[{"href":"https:\/\/castelnew.sviluppo.host\/es\/wp-json\/wp\/v2\/types\/page"}],"author":[{"embeddable":true,"href":"https:\/\/castelnew.sviluppo.host\/es\/wp-json\/wp\/v2\/users\/1"}],"replies":[{"embeddable":true,"href":"https:\/\/castelnew.sviluppo.host\/es\/wp-json\/wp\/v2\/comments?post=4659"}],"version-history":[{"count":4,"href":"https:\/\/castelnew.sviluppo.host\/es\/wp-json\/wp\/v2\/pages\/4659\/revisions"}],"predecessor-version":[{"id":4683,"href":"https:\/\/castelnew.sviluppo.host\/es\/wp-json\/wp\/v2\/pages\/4659\/revisions\/4683"}],"up":[{"embeddable":true,"href":"https:\/\/castelnew.sviluppo.host\/es\/wp-json\/wp\/v2\/pages\/4654"}],"wp:attachment":[{"href":"https:\/\/castelnew.sviluppo.host\/es\/wp-json\/wp\/v2\/media?parent=4659"}],"curies":[{"name":"wp","href":"https:\/\/api.w.org\/{rel}","templated":true}]}}