{"id":4657,"date":"2026-01-26T15:12:40","date_gmt":"2026-01-26T15:12:40","guid":{"rendered":"https:\/\/castelnew.sviluppo.host\/linee-prodotti\/fittings\/"},"modified":"2026-02-02T09:06:57","modified_gmt":"2026-02-02T09:06:57","slug":"fittings","status":"publish","type":"page","link":"https:\/\/castelnew.sviluppo.host\/es\/lineas-de-productos\/fittings\/","title":{"rendered":"Fittings"},"content":{"rendered":"<div>Fittings<\/div>\n<div>Una lista extensa de componentes y repuestos para completar las tuber\u00edas y conexiones en aplicaciones HVAC &amp; R.<\/p>\n<p>&#8211; Estos productos son adecuados para todos los refrigerantes.<\/div>\n<div>\n\n<div class=\"castel-macro-categories uk-container uk-container-xlarge uk-margin-large-top uk-margin-large-bottom\">\n            <div class=\"uk-grid uk-grid-small uk-child-width-1-2@m uk-child-width-1-3@l uk-flex-middle\" uk-grid>\n                            \n                <div>\n                    <div class=\"uk-card uk-card-default uk-card-body\">\n                        <a href=\"https:\/\/castelnew.sviluppo.host\/es\/linea-de-productos\/racores-roscados-de-laton-00665\/\" class=\"uk-link-reset\">\n                            <img decoding=\"async\" src=\"\/uploads\/Raccordi-filettati-in-ottone_step2-step3.jpg\" class=\"uk-card-media-top castel-media-categories\" alt=\"RACORES ROSCADOS DE LAT\u00d3N\">\n                            <span class=\"uk-h3 uk-margin-small d-table uk-text-bolder\">\n\t\t\t\t\t\t\t\tRacores roscados de lat\u00f3n\t\t\t\t\t\t\t<\/span>\n\n                            <span class=\"d-table mt-2 uk-light\">Castel posee una amplia gama de racores de lat\u00f3n que pueden instalarse en distintos sistemas de refrigeraci\u00f3n comercial y acondicionamiento del aire civil e industrial. Esta gama de racore...<\/span>\n\n\t\t\t\t\t\t\t<span><img decoding=\"async\" src=\"\/wp-content\/plugins\/castel_plugin\/assets\/img\/arrow.png\" class=\"castel-macroimages\" alt=\"\" style=\"\"\/><\/span>\n                        <\/a>\n                    <\/div>\n                <\/div>\n                            \n                <div>\n                    <div class=\"uk-card uk-card-default uk-card-body\">\n                        <a href=\"https:\/\/castelnew.sviluppo.host\/es\/linea-de-productos\/conexiones-de-carga-y-mecanismos-00666\/\" class=\"uk-link-reset\">\n                            <img decoding=\"async\" src=\"\/uploads\/Gruppo-Attacchi-di-carica-e-Meccanismi_NEW.jpg\" class=\"uk-card-media-top castel-media-categories\" alt=\"CONEXIONES DE CARGA Y MECANISMOS\">\n                            <span class=\"uk-h3 uk-margin-small d-table uk-text-bolder\">\n\t\t\t\t\t\t\t\tConexiones de carga y mecanismos\t\t\t\t\t\t\t<\/span>\n\n                            <span class=\"d-table mt-2 uk-light\">Las conexiones de carga permiten crear un punto de carga o de purga de manera muy r\u00e1pida y econ\u00f3mica. \\nUna vez concluida la carga o la purga, es necesario utilizar el capuch\u00f3n con guarni...<\/span>\n\n\t\t\t\t\t\t\t<span><img decoding=\"async\" src=\"\/wp-content\/plugins\/castel_plugin\/assets\/img\/arrow.png\" class=\"castel-macroimages\" alt=\"\" style=\"\"\/><\/span>\n                        <\/a>\n                    <\/div>\n                <\/div>\n                    <\/div>\n    <\/div>\n\n<\/div>\n<div>Explora los productos de otras series&#8230;\n<\/div>\n<ul>\n<li>\n<h1>GoGreen<\/h1>\n<div>Los productos GOGREEN est\u00e1n dise\u00f1ados para aplicaciones con refrigerante R744, respetando los l\u00edmites de presi\u00f3n permitidos.\n<\/div>\n<p><a href=\"https:\/\/castelnew.sviluppo.host\/es\/lineas-de-productos\/gogreen\/\">L\u00ecnea Gogreen<\/a><\/p>\n<\/li>\n<li>\n<h1>Polyhedra<\/h1>\n<div>Polyhedra es la l\u00ednea vers\u00e1til para aplicaciones con refrigerantes HFC, HFO, mezclas HFO e hidrocarburos (HC).\n<\/div>\n<p><a href=\"https:\/\/castelnew.sviluppo.host\/es\/lineas-de-productos\/polyhedra\/\">L\u00ecnea Polyhedra<\/a><\/p>\n<\/li>\n<li>\n<h1>Classic<\/h1>\n<div>La l\u00ednea Classic est\u00e1 dise\u00f1ada para aplicaciones con refrigerantes HFC y HFO, incluyendo sistemas que a\u00fan utilizan R22.\n<\/div>\n<p><a href=\"https:\/\/castelnew.sviluppo.host\/es\/lineas-de-productos\/classic\/\">L\u00ecnea Classic<\/a><\/p>\n<\/li>\n<li>\n<h1>EVIC<\/h1>\n<div>La l\u00ednea EVIC est\u00e1 dedicada a las v\u00e1lvulas electromagn\u00e9ticas industriales para aplicaciones HVAC\/R complejas y de alta intensidad.\n<\/div>\n<p><a href=\"https:\/\/castelnew.sviluppo.host\/es\/lineas-de-productos\/evic\/\">L\u00ecnea EVIC<\/a><\/p>\n<\/li>\n<\/ul>\n<p><!--more--><br \/>\n<!-- {\"type\":\"layout\",\"children\":[{\"type\":\"section\",\"props\":{\"header_transparent\":true,\"header_transparent_noplaceholder\":false,\"header_transparent_text_color\":\"light\",\"image\":\"wp-content\\\/uploads\\\/2026\\\/01\\\/background-fittings.jpg\",\"image_position\":\"center-center\",\"image_size\":\"cover\",\"style\":\"default\",\"title_breakpoint\":\"xl\",\"title_position\":\"top-left\",\"title_rotation\":\"left\",\"vertical_align\":\"middle\",\"width\":\"xlarge\"},\"children\":[{\"type\":\"row\",\"children\":[{\"type\":\"column\",\"props\":{\"image_position\":\"center-center\",\"position_sticky_breakpoint\":\"m\",\"vertical_align\":\"bottom\",\"width_medium\":\"3-5\"},\"children\":[{\"type\":\"headline\",\"props\":{\"class\":\"uk-light\",\"content\":\"Fittings\",\"margin_remove_bottom\":true,\"title_element\":\"div\",\"title_style\":\"heading-2xlarge\"}},{\"type\":\"text\",\"props\":{\"class\":\"tk-white\",\"column_breakpoint\":\"m\",\"content\":\"Una lista extensa de componentes y repuestos para completar las tuber\\u00edas y conexiones en aplicaciones HVAC &amp; R.\n\n- Estos productos son adecuados para todos los refrigerantes.<br \/>\",\"margin\":\"default\",\"text_align\":\"left\"}}]},{\"type\":\"column\",\"props\":{\"image_position\":\"center-center\",\"position_sticky_breakpoint\":\"m\",\"width_medium\":\"2-5\"}}],\"props\":{\"css\":\".el-row{\\n\\tpadding-top:60px;\\n}\",\"layout\":\"3-5,2-5\"}}]},{\"type\":\"section\",\"props\":{\"image_position\":\"center-center\",\"style\":\"default\",\"title_breakpoint\":\"xl\",\"title_position\":\"top-left\",\"title_rotation\":\"left\",\"vertical_align\":\"middle\",\"width\":\"xlarge\"},\"children\":[{\"type\":\"row\",\"children\":[{\"type\":\"column\",\"props\":{\"image_position\":\"center-center\",\"position_sticky_breakpoint\":\"m\"},\"children\":[{\"type\":\"text\",\"props\":{\"column_breakpoint\":\"m\",\"content\":\"\n\n<p>[castel-categories linea=\\\"FITTINGS\\\"]<\\\/p>\",\"margin\":\"default\"}}]}]}]},{\"type\":\"section\",\"props\":{\"image_position\":\"center-center\",\"padding_remove_top\":true,\"style\":\"default\",\"title_breakpoint\":\"xl\",\"title_position\":\"top-left\",\"title_rotation\":\"left\",\"vertical_align\":\"middle\",\"width\":\"xlarge\"},\"children\":[{\"type\":\"row\",\"children\":[{\"type\":\"column\",\"props\":{\"image_position\":\"center-center\",\"position_sticky_breakpoint\":\"m\"},\"children\":[{\"type\":\"headline\",\"props\":{\"class\":\"uk-light\",\"content\":\"Explora los productos de otras series...\\n\",\"margin_remove_bottom\":true,\"title_color\":\"secondary\",\"title_element\":\"div\",\"title_style\":\"heading-small\"}}]}],\"props\":{\"css\":\".el-row{\\n\\tpadding-top:120px!important;\\n   \\tborder-top:1px solid #00132d;\\n}\"}},{\"type\":\"row\",\"children\":[{\"type\":\"column\",\"props\":{\"image_position\":\"center-center\",\"position_sticky_breakpoint\":\"m\"},\"children\":[{\"type\":\"grid\",\"props\":{\"content_column_breakpoint\":\"m\",\"css\":\".el-element > div > div:nth-child(1) .el-title, .el-element > div > div:nth-child(1) .el-link{\\n\\tcolor:var(--tk-googreen);\\n}\\n.el-element > div > div:nth-child(1) .el-link{\\n    background-image: linear-gradient(90deg, var(--tk-googreen) 50%, transparent 50%);\\n}\\n.el-element .el-link:hover{\\n\\tcolor:#fff!important\\n}\\n.el-element > div > div:nth-child(2) .el-title, .el-element > div > div:nth-child(2) .el-link{\\n\\tcolor:var(--tk-polyhedra);\\n}\\n.el-element > div > div:nth-child(2) .el-link{\\n    background-image: linear-gradient(90deg, var(--tk-polyhedra) 50%, transparent 50%);\\n}\\n.el-element > div > div:nth-child(3) .el-title, .el-element > div > div:nth-child(3) .el-link{\\n\\tcolor:var(--tk-classic);\\n}\\n.el-element > div > div:nth-child(3) .el-link{\\n    background-image: linear-gradient(90deg, var(--tk-classic) 50%, transparent 50%);\\n}\\n.el-element > div > div:nth-child(4) .el-title, .el-element > div > div:nth-child(4) .el-link{\\n\\tcolor:var(--tk-evic);\\n}\\n.el-element > div > div:nth-child(4) .el-link{\\n    background-image: linear-gradient(90deg, var(--tk-evic) 50%, transparent 50%);\\n}\",\"filter_align\":\"left\",\"filter_all\":true,\"filter_grid_breakpoint\":\"m\",\"filter_grid_width\":\"auto\",\"filter_position\":\"top\",\"filter_style\":\"tab\",\"grid_default\":\"1\",\"grid_medium\":\"4\",\"icon_width\":80,\"image_align\":\"top\",\"image_grid_breakpoint\":\"m\",\"image_grid_width\":\"1-2\",\"image_svg_color\":\"emphasis\",\"item_animation\":true,\"lightbox_bg_close\":true,\"link_style\":\"secondary\",\"link_text\":\"Read more\",\"margin\":\"default\",\"meta_align\":\"below-title\",\"meta_element\":\"div\",\"meta_style\":\"text-meta\",\"panel_link\":true,\"show_content\":true,\"show_hover_image\":true,\"show_hover_video\":true,\"show_image\":true,\"show_link\":true,\"show_meta\":true,\"show_title\":true,\"show_video\":true,\"title_align\":\"top\",\"title_element\":\"h1\",\"title_grid_breakpoint\":\"m\",\"title_grid_width\":\"1-2\",\"title_hover_style\":\"reset\"},\"children\":[{\"type\":\"grid_item\",\"props\":{\"content\":\"Los productos GOGREEN est\\u00e1n dise\\u00f1ados para aplicaciones con refrigerante R744, respetando los l\\u00edmites de presi\\u00f3n permitidos.\\n\",\"link\":\"\\\/es\\\/lineas-de-productos\\\/gogreen\",\"link_text\":\"L\\u00ecnea Gogreen\",\"title\":\"GoGreen\"}},{\"type\":\"grid_item\",\"props\":{\"content\":\"Polyhedra es la l\\u00ednea vers\\u00e1til para aplicaciones con refrigerantes HFC, HFO, mezclas HFO e hidrocarburos (HC).\\n\",\"link\":\"\\\/es\\\/lineas-de-productos\\\/polyhedra\",\"link_text\":\"L\\u00ecnea Polyhedra\",\"title\":\"Polyhedra\"}},{\"type\":\"grid_item\",\"props\":{\"content\":\"La l\\u00ednea Classic est\\u00e1 dise\\u00f1ada para aplicaciones con refrigerantes HFC y HFO, incluyendo sistemas que a\\u00fan utilizan R22.\\n\",\"link\":\"\\\/es\\\/lineas-de-productos\\\/classic\",\"link_text\":\"L\\u00ecnea Classic\",\"title\":\"Classic\"}},{\"type\":\"grid_item\",\"props\":{\"content\":\"La l\\u00ednea EVIC est\\u00e1 dedicada a las v\\u00e1lvulas electromagn\\u00e9ticas industriales para aplicaciones HVAC\\\/R complejas y de alta intensidad.\\n\",\"link\":\"\\\/es\\\/lineas-de-productos\\\/evic\",\"link_text\":\"L\\u00ecnea EVIC\",\"title\":\"EVIC\"}}]}]}]}]}],\"version\":\"4.5.15\"} --><\/p>\n","protected":false},"excerpt":{"rendered":"<p>Fittings Una lista extensa de componentes y repuestos para completar las tuber\u00edas y conexiones en aplicaciones HVAC &amp; R. &#8211; Estos productos son adecuados para todos los refrigerantes. Explora los productos de otras series&#8230; GoGreen Los productos GOGREEN est\u00e1n dise\u00f1ados para aplicaciones con refrigerante R744, respetando los l\u00edmites de presi\u00f3n permitidos. L\u00ecnea Gogreen Polyhedra Polyhedra [&hellip;]<\/p>\n","protected":false},"author":1,"featured_media":0,"parent":4654,"menu_order":0,"comment_status":"closed","ping_status":"closed","template":"","meta":{"footnotes":""},"class_list":["post-4657","page","type-page","status-publish","hentry"],"_links":{"self":[{"href":"https:\/\/castelnew.sviluppo.host\/es\/wp-json\/wp\/v2\/pages\/4657","targetHints":{"allow":["GET"]}}],"collection":[{"href":"https:\/\/castelnew.sviluppo.host\/es\/wp-json\/wp\/v2\/pages"}],"about":[{"href":"https:\/\/castelnew.sviluppo.host\/es\/wp-json\/wp\/v2\/types\/page"}],"author":[{"embeddable":true,"href":"https:\/\/castelnew.sviluppo.host\/es\/wp-json\/wp\/v2\/users\/1"}],"replies":[{"embeddable":true,"href":"https:\/\/castelnew.sviluppo.host\/es\/wp-json\/wp\/v2\/comments?post=4657"}],"version-history":[{"count":2,"href":"https:\/\/castelnew.sviluppo.host\/es\/wp-json\/wp\/v2\/pages\/4657\/revisions"}],"predecessor-version":[{"id":4687,"href":"https:\/\/castelnew.sviluppo.host\/es\/wp-json\/wp\/v2\/pages\/4657\/revisions\/4687"}],"up":[{"embeddable":true,"href":"https:\/\/castelnew.sviluppo.host\/es\/wp-json\/wp\/v2\/pages\/4654"}],"wp:attachment":[{"href":"https:\/\/castelnew.sviluppo.host\/es\/wp-json\/wp\/v2\/media?parent=4657"}],"curies":[{"name":"wp","href":"https:\/\/api.w.org\/{rel}","templated":true}]}}